{"id":405,"date":"2017-01-26T10:40:04","date_gmt":"2017-01-26T10:40:04","guid":{"rendered":"https:\/\/motors.stylemixthemes.com\/?page_id=405"},"modified":"2026-04-16T14:52:16","modified_gmt":"2026-04-16T14:52:16","slug":"location-voiture-ouarzazate-benssou-car","status":"publish","type":"page","link":"https:\/\/h24rentcar.adilbannar.my\/ar\/location-voiture-ouarzazate-benssou-car\/","title":{"rendered":"\u0645\u0639\u0644\u0648\u0645\u0627\u062a \u0639\u0646\u0627"},"content":{"rendered":"<div data-elementor-type=\"wp-page\" data-elementor-id=\"405\" class=\"elementor elementor-405\">\n\t\t\t\t\t\t<section class=\"elementor-section elementor-top-section elementor-element elementor-element-f596a7f elementor-section-boxed elementor-section-height-default elementor-section-height-default\" data-id=\"f596a7f\" data-element_type=\"section\" data-e-type=\"section\">\n\t\t\t\t\t\t<div class=\"elementor-container elementor-column-gap-default\">\n\t\t\t\t\t<div class=\"elementor-column elementor-col-100 elementor-top-column elementor-element elementor-element-d22714d\" data-id=\"d22714d\" data-element_type=\"column\" data-e-type=\"column\">\n\t\t\t<div class=\"elementor-widget-wrap elementor-element-populated\">\n\t\t\t\t\t\t<div class=\"elementor-element elementor-element-70fc661 elementor-widget elementor-widget-heading\" data-id=\"70fc661\" data-element_type=\"widget\" data-e-type=\"widget\" data-widget_type=\"heading.default\">\n\t\t\t\t\t<span class=\"elementor-heading-title elementor-size-default\"><p><strong>H24 RENT CAR Ouarzazate<\/strong> est sp\u00e9cialis\u00e9e en <strong>\u062a\u0623\u062c\u064a\u0631 \u0627\u0644\u0633\u064a\u0627\u0631\u0627\u062a \u0641\u064a \u0648\u0631\u0632\u0627\u0632\u0627\u062a<\/strong> et <strong>voiture de location Maroc<\/strong>, proposant <strong>location SUV d\u00e9sert<\/strong> et <strong>voiture familiale Ouarzazate<\/strong> pour tous vos besoins de d\u00e9placement.<\/p>\n<\/span>\t\t\t\t<\/div>\n\t\t\t\t<div class=\"elementor-element elementor-element-3f17609 elementor-widget elementor-widget-text-editor\" data-id=\"3f17609\" data-element_type=\"widget\" data-e-type=\"widget\" data-widget_type=\"text-editor.default\">\n\t\t\t\t\t\t\t\t\t<h1>Location voiture Ouarzazate avec H24 RENT <span style=\"color: #0000ff;\">CAR<\/span><\/h1><p><!-- Table of Contents --><\/p><ul><li><a href=\"#apropos\">\u00c0 propos de H24 RENT CAR<\/a><\/li><li><a href=\"#services\">\u062e\u062f\u0645\u0627\u062a\u0646\u0627<\/a><\/li><li><a href=\"#avantages\">Pourquoi choisir H24 RENT CAR<\/a><\/li><\/ul><h2 id=\"apropos\">Location voiture Ouarzazate \u2013 \u00c0 propos de BENSS H24 RENT CAR<\/h2><p><strong>\u062a\u0623\u062c\u064a\u0631 \u0627\u0644\u0633\u064a\u0627\u0631\u0627\u062a \u0641\u064a \u0648\u0631\u0632\u0627\u0632\u0627\u062a<\/strong> avec H24 RENT CAR est la solution id\u00e9ale pour d\u00e9couvrir Ouarzazate et ses environs en toute libert\u00e9 et confort. Que vous soyez en voyage touristique, professionnel ou en famille, nous vous proposons un service rapide, simple et s\u00e9curis\u00e9 pour la location de votre v\u00e9hicule. D\u00e8s votre arriv\u00e9e, notre \u00e9quipe vous accueille et vous guide pour choisir le v\u00e9hicule le plus adapt\u00e9 \u00e0 vos besoins, que ce soit pour explorer la ville, les kasbahs environnantes ou le d\u00e9sert du Sahara.<\/p><h2 id=\"services\">\u062e\u062f\u0645\u0627\u062a\u0646\u0627 \u0644\u062a\u0623\u062c\u064a\u0631 \u0627\u0644\u0633\u064a\u0627\u0631\u0627\u062a \u0641\u064a \u0648\u0631\u0632\u0627\u0632\u0627\u062a<\/h2><p>H24 RENT CAR se distingue par la qualit\u00e9 et la fiabilit\u00e9 de ses v\u00e9hicules. Nous proposons une large gamme de voitures, allant des mod\u00e8les \u00e9conomiques et compacts pour la ville, aux SUV et 4&#215;4 adapt\u00e9s aux terrains difficiles. Nos v\u00e9hicules sont r\u00e9guli\u00e8rement entretenus pour garantir s\u00e9curit\u00e9 et confort \u00e0 chaque trajet. Avec notre service de <strong>\u062a\u0623\u062c\u064a\u0631 \u0627\u0644\u0633\u064a\u0627\u0631\u0627\u062a \u0641\u064a \u0648\u0631\u0632\u0627\u0632\u0627\u062a<\/strong>\u060c \u062a\u0633\u062a\u0645\u062a\u0639 \u0628\u062a\u062c\u0631\u0628\u0629 \u062e\u0627\u0644\u064a\u0629 \u0645\u0646 \u0627\u0644\u0645\u062a\u0627\u0639\u0628 \u062d\u064a\u062b \u062a\u0645 \u062a\u0635\u0645\u064a\u0645 \u0643\u0644 \u062a\u0641\u0635\u064a\u0644 \u0644\u062a\u0633\u0647\u064a\u0644 \u062d\u064a\u0627\u062a\u0643. \u0646\u0642\u062f\u0645 \u0623\u064a\u0636\u0627\u064b \u062e\u062f\u0645\u0627\u062a \u0625\u0636\u0627\u0641\u064a\u0629 \u062a\u062c\u0639\u0644 \u062a\u0623\u062c\u064a\u0631\u0643 \u0623\u0643\u062b\u0631 \u0631\u0627\u062d\u0629\u060c \u0628\u0645\u0627 \u0641\u064a \u0630\u0644\u0643 \u062a\u0648\u0635\u064a\u0644 \u0648\u0627\u0633\u062a\u0644\u0627\u0645 \u0627\u0644\u0645\u0631\u0643\u0628\u0629 \u0641\u064a \u0627\u0644\u0645\u0637\u0627\u0631 \u0623\u0648 \u0645\u0643\u0627\u0646 \u0625\u0642\u0627\u0645\u062a\u0643.<\/p><h2 id=\"avantages\">Pourquoi choisir H24 RENT CAR pour votre location voiture Ouarzazate<\/h2><p>Chez H24 RENT CAR, le service client est une priorit\u00e9. Notre \u00e9quipe est disponible \u00e0 tout moment pour r\u00e9pondre \u00e0 vos questions, vous conseiller sur le choix du v\u00e9hicule et vous assister dans vos d\u00e9marches. Explorer Ouarzazate avec H24 RENT CAR signifie profiter de la r\u00e9gion \u00e0 votre rythme. Visitez les studios de cin\u00e9ma, les kasbahs historiques, le d\u00e9sert et les villages authentiques sans contraintes. En choisissant H24 RENT CAR pour votre <strong>\u062a\u0623\u062c\u064a\u0631 \u0627\u0644\u0633\u064a\u0627\u0631\u0627\u062a \u0641\u064a \u0648\u0631\u0632\u0627\u0632\u0627\u062a<\/strong>\u060c \u062a\u0633\u062a\u0641\u064a\u062f \u0645\u0646 \u0623\u0633\u0639\u0627\u0631 \u062a\u0646\u0627\u0641\u0633\u064a\u0629\u060c \u0645\u0631\u0643\u0628\u0627\u062a \u0645\u062c\u0647\u0632\u0629 \u062a\u062c\u0647\u064a\u0632\u064b\u0627 \u062c\u064a\u062f\u064b\u0627\u060c \u0648\u0645\u0631\u0648\u0646\u0629 \u0643\u0627\u0645\u0644\u0629. \u0644\u0643\u0644 \u0627\u062d\u062a\u064a\u0627\u062c\u0627\u062a\u0643 \u0645\u0646 <strong>\u062a\u0623\u062c\u064a\u0631 \u0627\u0644\u0633\u064a\u0627\u0631\u0627\u062a \u0641\u064a \u0648\u0631\u0632\u0627\u0632\u0627\u062a<\/strong>, H24 RENT CAR est votre partenaire de confiance. Louez votre voiture et partez \u00e0 la d\u00e9couverte de Ouarzazate et du Sahara en toute s\u00e9r\u00e9nit\u00e9. <a href=\"https:\/\/h24rentcar.adilbannar.my\/ar\/\" target=\"_blank\" rel=\"noopener\">D\u00e9couvrez nos offres<\/a><\/p>\t\t\t\t\t\t\t\t<\/div>\n\t\t\t\t<div class=\"elementor-element elementor-element-cf8ea1f elementor-widget elementor-widget-image\" data-id=\"cf8ea1f\" data-element_type=\"widget\" data-e-type=\"widget\" data-widget_type=\"image.default\">\n\t\t\t\t\t\t\t\t\t\t\t\t\t\t\t<img fetchpriority=\"high\" decoding=\"async\" width=\"1024\" height=\"682\" src=\"https:\/\/h24rentcar.adilbannar.my\/wp-content\/uploads\/2023\/10\/Fotolia_90052796_Subscription_Monthly_M.jpg\" class=\"attachment-large size-large wp-image-635\" alt=\"Location voiture Ouarzazate avec BENSSOU CAR\" srcset=\"https:\/\/h24rentcar.adilbannar.my\/wp-content\/uploads\/2023\/10\/Fotolia_90052796_Subscription_Monthly_M.jpg 1024w, https:\/\/h24rentcar.adilbannar.my\/wp-content\/uploads\/2023\/10\/Fotolia_90052796_Subscription_Monthly_M-600x400.jpg 600w, https:\/\/h24rentcar.adilbannar.my\/wp-content\/uploads\/2023\/10\/Fotolia_90052796_Subscription_Monthly_M-300x200.jpg 300w, https:\/\/h24rentcar.adilbannar.my\/wp-content\/uploads\/2023\/10\/Fotolia_90052796_Subscription_Monthly_M-255x170.jpg 255w, https:\/\/h24rentcar.adilbannar.my\/wp-content\/uploads\/2023\/10\/Fotolia_90052796_Subscription_Monthly_M-510x340.jpg 510w, https:\/\/h24rentcar.adilbannar.my\/wp-content\/uploads\/2023\/10\/Fotolia_90052796_Subscription_Monthly_M-280x186.jpg 280w, https:\/\/h24rentcar.adilbannar.my\/wp-content\/uploads\/2023\/10\/Fotolia_90052796_Subscription_Monthly_M-560x373.jpg 560w, https:\/\/h24rentcar.adilbannar.my\/wp-content\/uploads\/2023\/10\/Fotolia_90052796_Subscription_Monthly_M-350x233.jpg 350w, https:\/\/h24rentcar.adilbannar.my\/wp-content\/uploads\/2023\/10\/Fotolia_90052796_Subscription_Monthly_M-700x466.jpg 700w, https:\/\/h24rentcar.adilbannar.my\/wp-content\/uploads\/2023\/10\/Fotolia_90052796_Subscription_Monthly_M-398x265.jpg 398w, https:\/\/h24rentcar.adilbannar.my\/wp-content\/uploads\/2023\/10\/Fotolia_90052796_Subscription_Monthly_M-796x530.jpg 796w\" sizes=\"(max-width: 1024px) 100vw, 1024px\" \/>\t\t\t\t\t\t\t\t\t\t\t\t\t\t\t<\/div>\n\t\t\t\t\t<\/div>\n\t\t<\/div>\n\t\t\t\t\t<\/div>\n\t\t<\/section>\n\t\t\t\t<section class=\"elementor-section elementor-top-section elementor-element elementor-element-494ceba elementor-reverse-tablet elementor-reverse-mobile elementor-section-boxed elementor-section-height-default elementor-section-height-default\" data-id=\"494ceba\" data-element_type=\"section\" data-e-type=\"section\">\n\t\t\t\t\t\t<div class=\"elementor-container elementor-column-gap-default\">\n\t\t\t\t\t<div class=\"elementor-column elementor-col-100 elementor-top-column elementor-element elementor-element-b7535cb\" data-id=\"b7535cb\" data-element_type=\"column\" data-e-type=\"column\">\n\t\t\t<div class=\"elementor-widget-wrap elementor-element-populated\">\n\t\t\t\t\t\t<div class=\"elementor-element elementor-element-a44a657 elementor-widget elementor-widget-text-editor\" data-id=\"a44a657\" data-element_type=\"widget\" data-e-type=\"widget\" data-widget_type=\"text-editor.default\">\n\t\t\t\t\t\t\t\t\t<h2>\u0627\u0643\u062a\u0634\u0641 \u0648\u0631\u0632\u0627\u0632\u0627\u062a \u0645\u0639 <strong>\u062a\u0623\u062c\u064a\u0631 \u0627\u0644\u0633\u064a\u0627\u0631\u0627\u062a<\/strong><\/h2><h3>\u0644\u0645\u0627\u0630\u0627 \u062a\u062e\u062a\u0627\u0631 <strong>H24 RENT CAR<\/strong> \u2013 \u062d\u0644 <strong>\u062a\u0623\u062c\u064a\u0631 \u0627\u0644\u0633\u064a\u0627\u0631\u0627\u062a \u0641\u064a \u0648\u0631\u0632\u0627\u0632\u0627\u062a<\/strong> \u0644\u0627 \u063a\u0646\u0649 \u0639\u0646\u0647<\/h3><div class=\"elementor-text-editor elementor-clearfix\"><p>Choisir H24 RENT <strong>CAR<\/strong> \u0644 <strong>\u062a\u0623\u062c\u064a\u0631 \u0627\u0644\u0633\u064a\u0627\u0631\u0627\u062a \u0641\u064a \u0648\u0631\u0632\u0627\u0632\u0627\u062a<\/strong> signifie opter pour la qualit\u00e9, la s\u00e9curit\u00e9 et le confort \u00e0 chaque trajet. Que vous soyez en voyage touristique, professionnel ou en famille, nous proposons une large gamme de v\u00e9hicules adapt\u00e9s \u00e0 tous vos besoins. Chaque voyage est unique et m\u00e9rite une solution de mobilit\u00e9 fiable et pratique.<\/p><p>Nos <strong>\u0633\u064a\u0627\u0631\u0627\u062a \u0627\u0644\u062a\u0623\u062c\u064a\u0631 \u0641\u064a \u0648\u0631\u0632\u0627\u0632\u0627\u062a<\/strong> \u064a\u062a\u0645 \u0635\u064a\u0627\u0646\u062a\u0647\u0627 \u0628\u0639\u0646\u0627\u064a\u0629 \u0644\u0636\u0645\u0627\u0646 \u0627\u0644\u0645\u0648\u062b\u0648\u0642\u064a\u0629 \u0648\u0627\u0644\u0623\u062f\u0627\u0621. \u0645\u0646 \u0627\u0644\u0645\u0631\u0643\u0628\u0627\u062a \u0627\u0644\u0627\u0642\u062a\u0635\u0627\u062f\u064a\u0629 \u0625\u0644\u0649 \u0633\u064a\u0627\u0631\u0627\u062a \u0627\u0644\u062f\u0641\u0639 \u0627\u0644\u0631\u0628\u0627\u0639\u064a \u0627\u0644\u0642\u0648\u064a\u0629\u060c \u0643\u0644 \u0633\u064a\u0627\u0631\u0629 \u0645\u062c\u0647\u0632\u0629 \u0644\u062a\u0642\u062f\u064a\u0645 \u062a\u062c\u0631\u0628\u0629 \u0645\u0645\u062a\u0639\u0629 \u0648\u0622\u0645\u0646\u0629 \u0644\u0643. \u064a\u0645\u0643\u0646\u0643 \u0623\u064a\u0636\u064b\u0627 \u0627\u062e\u062a\u064a\u0627\u0631 \u062e\u064a\u0627\u0631\u0627\u062a \u0625\u0636\u0627\u0641\u064a\u0629 \u0645\u062b\u0644 GPS\u060c \u0645\u0642\u0627\u0639\u062f \u0627\u0644\u0623\u0637\u0641\u0627\u0644\u060c \u0627\u0644\u062a\u0623\u0645\u064a\u0646 \u0627\u0644\u062a\u0643\u0645\u064a\u0644\u064a\u060c \u0623\u0648 \u062d\u062a\u0649 \u0645\u0644\u062d\u0642\u0627\u062a \u0644\u0644\u0635\u062d\u0631\u0627\u0621.<\/p><p><em>H24 RENT CAR<\/em> se distingue par l\u2019excellence de son service client. Notre \u00e9quipe professionnelle est disponible pour r\u00e9pondre \u00e0 toutes vos questions et vous conseiller sur le v\u00e9hicule le plus adapt\u00e9. Que vous souhaitiez explorer les c\u00e9l\u00e8bres kasbahs, visiter les studios de cin\u00e9ma ou partir \u00e0 l\u2019aventure dans le d\u00e9sert, nous vous accompagnons \u00e0 chaque \u00e9tape de votre s\u00e9jour.<\/p><p>En choisissant notre agence pour votre <strong>\u062a\u0623\u062c\u064a\u0631 \u0627\u0644\u0633\u064a\u0627\u0631\u0627\u062a \u0641\u064a \u0648\u0631\u0632\u0627\u0632\u0627\u062a<\/strong>, vous b\u00e9n\u00e9ficiez de services pratiques comme la livraison et la r\u00e9cup\u00e9ration du v\u00e9hicule directement \u00e0 l\u2019a\u00e9roport ou \u00e0 votre h\u00f4tel. Cette option vous permet de commencer votre voyage imm\u00e9diatement, sans perte de temps. La transparence de nos tarifs et la simplicit\u00e9 de nos proc\u00e9dures garantissent une exp\u00e9rience fluide et agr\u00e9able.<\/p><p>Avec <strong>H24 RENT CAR<\/strong>, vous profitez \u00e9galement d\u2019une flexibilit\u00e9 totale. Que vous ayez besoin d\u2019une location pour quelques heures, plusieurs jours ou plusieurs semaines, nous adaptons nos offres \u00e0 vos besoins. Nos clients appr\u00e9cient la clart\u00e9 de nos conditions, la qualit\u00e9 de nos v\u00e9hicules et la disponibilit\u00e9 de notre \u00e9quipe.<\/p><p>Explorer Ouarzazate avec notre <strong>\u062a\u0623\u062c\u064a\u0631 \u0627\u0644\u0633\u064a\u0627\u0631\u0627\u062a<\/strong> vous permet de d\u00e9couvrir la ville et ses environs \u00e0 votre rythme. Visitez les kasbahs historiques, les villages authentiques et le d\u00e9sert du Sahara sans contrainte. Nos v\u00e9hicules sont con\u00e7us pour tous types de routes et toutes conditions climatiques, vous garantissant s\u00e9curit\u00e9 et confort \u00e0 chaque trajet.<\/p><p>Enfin, <strong>H24 RENT CAR<\/strong> \u064a\u062a\u0639\u0647\u062f \u0628\u062c\u0639\u0644 \u0643\u0644 \u062a\u0623\u062c\u064a\u0631 \u0644\u0627 \u064a\u064f\u0646\u0633\u0649. \u0647\u062f\u0641\u0646\u0627 \u0647\u0648 \u062a\u0642\u062f\u064a\u0645 \u062a\u062c\u0631\u0628\u0629 <strong>\u062a\u0623\u062c\u064a\u0631 \u0627\u0644\u0633\u064a\u0627\u0631\u0627\u062a \u0641\u064a \u0648\u0631\u0632\u0627\u0632\u0627\u062a<\/strong> \u0627\u0633\u062a\u062b\u0646\u0627\u0626\u064a\u0629\u060c \u062a\u062c\u0645\u0639 \u0628\u064a\u0646 \u0627\u0644\u062d\u0631\u064a\u0629\u060c \u0627\u0644\u0631\u0627\u062d\u0629\u060c \u0648\u0627\u0644\u0623\u0645\u0627\u0646. \u0645\u0639\u0646\u0627\u060c \u062a\u0635\u0628\u062d \u0643\u0644 \u0631\u062d\u0644\u0629 \u062c\u0632\u0621\u064b\u0627 \u0644\u0627 \u064a\u064f\u0646\u0633\u0649 \u0645\u0646 \u0625\u0642\u0627\u0645\u062a\u0643 \u0641\u064a \u0627\u0644\u0645\u063a\u0631\u0628.<\/p><p style=\"text-align: center;\"><a style=\"color: #ffffff; background-color: #f2295b; padding: 12px 25px; text-decoration: none; border-radius: 5px; font-weight: bold;\" href=\"https:\/\/wa.me\/212661241592?text=.\" target=\"_blank\" rel=\"noopener\"><br \/>\u0627\u062a\u0635\u0644 \u0628\u0646\u0627<br \/><\/a><\/p><\/div>\t\t\t\t\t\t\t\t<\/div>\n\t\t\t\t\t<\/div>\n\t\t<\/div>\n\t\t\t\t\t<\/div>\n\t\t<\/section>\n\t\t\t\t<section class=\"elementor-section elementor-top-section elementor-element elementor-element-80c96a6 elementor-section-full_width elementor-section-stretched elementor-section-height-default elementor-section-height-default\" data-id=\"80c96a6\" data-element_type=\"section\" data-e-type=\"section\" data-settings=\"{&quot;stretch_section&quot;:&quot;section-stretched&quot;,&quot;background_background&quot;:&quot;classic&quot;}\">\n\t\t\t\t\t\t<div class=\"elementor-container elementor-column-gap-default\">\n\t\t\t\t\t<div class=\"elementor-column elementor-col-100 elementor-top-column elementor-element elementor-element-bc80d08\" data-id=\"bc80d08\" data-element_type=\"column\" data-e-type=\"column\">\n\t\t\t<div class=\"elementor-widget-wrap elementor-element-populated\">\n\t\t\t\t\t\t<section class=\"elementor-section elementor-inner-section elementor-element elementor-element-8cc6936 elementor-section-boxed elementor-section-height-default elementor-section-height-default\" data-id=\"8cc6936\" data-element_type=\"section\" data-e-type=\"section\">\n\t\t\t\t\t\t<div class=\"elementor-container elementor-column-gap-default\">\n\t\t\t\t\t<div class=\"elementor-column elementor-col-100 elementor-inner-column elementor-element elementor-element-375ff40\" data-id=\"375ff40\" data-element_type=\"column\" data-e-type=\"column\">\n\t\t\t<div class=\"elementor-widget-wrap elementor-element-populated\">\n\t\t\t\t\t\t<div class=\"elementor-element elementor-element-548ab7d elementor-widget elementor-widget-heading\" data-id=\"548ab7d\" data-element_type=\"widget\" data-e-type=\"widget\" data-widget_type=\"heading.default\">\n\t\t\t\t\t<span class=\"elementor-heading-title elementor-size-default\">\u0645\u0639\u0631\u0636 \u0627\u0644\u0648\u0633\u0627\u0626\u0637<\/span>\t\t\t\t<\/div>\n\t\t\t\t<div class=\"elementor-element elementor-element-b2670da elementor-widget elementor-widget-stm-colored-separator\" data-id=\"b2670da\" data-element_type=\"widget\" data-e-type=\"widget\" data-widget_type=\"stm-colored-separator.default\">\n\t\t\t\t<div class=\"elementor-widget-container\">\n\t\t\t\t\t<div class=\"colored-separator\" style=\"text-align: center;\">\n\t\t\t<div class=\"first-long stm-base-background-color\"><\/div>\n\t\t<div class=\"last-short stm-base-background-color\"><\/div>\n\t<\/div>\n\t\t\t\t<\/div>\n\t\t\t\t<\/div>\n\t\t\t\t<div class=\"elementor-element elementor-element-36c793a elementor-widget elementor-widget-motors-image-carousel\" data-id=\"36c793a\" data-element_type=\"widget\" data-e-type=\"widget\" data-widget_type=\"motors-image-carousel.default\">\n\t\t\t\t<div class=\"elementor-widget-container\">\n\t\t\t\t\t\t<div class=\"motors-elementor-widget stm_image_carousel swiper-container\" id=\"stm_image_carousel-43649\">\n\t\t<div class=\"swiper-wrapper\">\n\t\t\t\t\t\t\t\t<div class=\"swiper-slide\">\n\t\t\t\t\t\t\t\t\t\t\t\t\t<img decoding=\"async\" src=\"https:\/\/h24rentcar.adilbannar.my\/wp-content\/uploads\/2023\/10\/slide-2-270x180.jpg\" alt=\"Gallery image\">\n\t\t\t\t\t\t\t\t\t\t\t<\/div>\n\t\t\t\t\t\t\t\t\t\t<div class=\"swiper-slide\">\n\t\t\t\t\t\t\t\t\t\t\t\t\t<img decoding=\"async\" src=\"https:\/\/h24rentcar.adilbannar.my\/wp-content\/uploads\/2023\/10\/parallax-block-270x180.jpg\" alt=\"Gallery image\">\n\t\t\t\t\t\t\t\t\t\t\t<\/div>\n\t\t\t\t\t\t\t\t\t\t<div class=\"swiper-slide\">\n\t\t\t\t\t\t\t\t\t\t\t\t\t<img decoding=\"async\" src=\"https:\/\/h24rentcar.adilbannar.my\/wp-content\/uploads\/2023\/10\/parallax-block-2-270x180.jpg\" alt=\"Gallery image\">\n\t\t\t\t\t\t\t\t\t\t\t<\/div>\n\t\t\t\t\t\t\t\t\t\t<div class=\"swiper-slide\">\n\t\t\t\t\t\t\t\t\t\t\t\t\t<img decoding=\"async\" src=\"https:\/\/h24rentcar.adilbannar.my\/wp-content\/uploads\/2023\/10\/Fotolia_90052796_Subscription_Monthly_M-270x180.jpg\" alt=\"Gallery image\">\n\t\t\t\t\t\t\t\t\t\t\t<\/div>\n\t\t\t\t\t\t\t\t\t\t<div class=\"swiper-slide\">\n\t\t\t\t\t\t\t\t\t\t\t\t\t<img decoding=\"async\" src=\"https:\/\/h24rentcar.adilbannar.my\/wp-content\/uploads\/2023\/10\/Fotolia_53618826_Subscription_Monthly_M-1024x682-1-270x180.jpg\" alt=\"Gallery image\">\n\t\t\t\t\t\t\t\t\t\t\t<\/div>\n\t\t\t\t\t\t\t\t\t\t<div class=\"swiper-slide\">\n\t\t\t\t\t\t\t\t\t\t\t\t\t<img decoding=\"async\" src=\"https:\/\/h24rentcar.adilbannar.my\/wp-content\/uploads\/2023\/10\/image-2-924x449-1-270x180.jpg\" alt=\"Gallery image\">\n\t\t\t\t\t\t\t\t\t\t\t<\/div>\n\t\t\t\t\t\t\t<\/div>\n\n\t\t\t\t\t<div class=\"stm-swiper-controls\">\n\t\t\t\t\t\t\t\t\t<div class=\"stm-swiper-prev\"><i class=\"fas fa-angle-left\"><\/i><\/div>\n\t\t\t\t\t\t\t\t\t\t\t\t\t<div class=\"swiper-pagination\"><\/div>\n\t\t\t\t\t\t\t\t\t\t\t\t\t<div class=\"stm-swiper-next\"><i class=\"fas fa-angle-right\"><\/i><\/div>\n\t\t\t\t\t\t\t<\/div>\n\t\t\t<\/div>\n\t<script>\n\t( function( $ ) {\n\t\t\"use strict\";\n\t\t\t\t$(window).on('elementor\/frontend\/init', function() {\n\t\t\t\t\tlet swiper = new Swiper('#stm_image_carousel-43649', {\n\t\t\t\t\t\t\t\tloop: true,\n\t\t\t\t\n\t\t\t\t\t\t\t\t\tsimulateTouch: false,\n\t\t\t\t\n\t\t\t\t\n\t\t\t\t\n\t\t\t\t\t\t\t\t\tslidesPerGroup: 1,\n\t\t\t\t\n\t\t\t\tslidesPerView: 1,\n\n\t\t\t\tspaceBetween: 12,\n\n\t\t\t\tcenterInsufficientSlides: true,\n\n\t\t\t\tbreakpoints: {\n\t\t\t\t\t640: {\n\t\t\t\t\t\tslidesPerView: 3,\n\t\t\t\t\t},\n\t\t\t\t\t992: {\n\t\t\t\t\t\tslidesPerView: 4,\n\t\t\t\t\t}\n\t\t\t\t},\n\t\t\t\t\t\t\t\t\tnavigation: {\n\t\t\t\t\t\tnextEl: '.stm-swiper-next',\n\t\t\t\t\t\tprevEl: '.stm-swiper-prev',\n\t\t\t\t\t},\n\t\t\t\t\n\t\t\t\t\t\t\t\t\tpagination: {\n\t\t\t\t\t\tel: '.swiper-pagination',\n\t\t\t\t\t\tclickable: true,\n\t\t\t\t\t},\n\t\t\t\t\t\t\t});\n\n\t\t\t\t\t});\n\t\t\t} ( jQuery ) );\n\t<\/script>\n\t\t\t\t\t<\/div>\n\t\t\t\t<\/div>\n\t\t\t\t\t<\/div>\n\t\t<\/div>\n\t\t\t\t\t<\/div>\n\t\t<\/section>\n\t\t\t\t\t<\/div>\n\t\t<\/div>\n\t\t\t\t\t<\/div>\n\t\t<\/section>\n\t\t\t\t<\/div>\n\t\t\n    <div class=\"xs_social_share_widget xs_share_url after_content \t\tmain_content  wslu-style-1 wslu-share-box-shaped wslu-fill-colored wslu-none wslu-share-horizontal wslu-theme-font-no wslu-main_content\">\n\n\t\t\n        <ul>\n\t\t\t        <\/ul>\n    <\/div>","protected":false},"excerpt":{"rendered":"<p>H24 RENT CAR Ouarzazate est sp\u00e9cialis\u00e9e en Location voiture Ouarzazate et voiture de location Maroc, proposant location SUV d\u00e9sert et voiture familiale Ouarzazate pour tous vos besoins de d\u00e9placement. Location voiture Ouarzazate avec H24 RENT CAR \u00c0 propos de H24 RENT CAR Nos services Pourquoi choisir H24 RENT CAR Location voiture Ouarzazate \u2013 \u00c0 propos&#8230;<\/p>","protected":false},"author":4,"featured_media":0,"parent":0,"menu_order":0,"comment_status":"closed","ping_status":"closed","template":"","meta":{"postBodyCss":"","postBodyMargin":[],"postBodyPadding":[],"postBodyBackground":{"backgroundType":"classic","gradient":""},"footnotes":""},"class_list":["post-405","page","type-page","status-publish","hentry"],"_hostinger_reach_plugin_has_subscription_block":false,"_hostinger_reach_plugin_is_elementor":false,"_links":{"self":[{"href":"https:\/\/h24rentcar.adilbannar.my\/ar\/wp-json\/wp\/v2\/pages\/405","targetHints":{"allow":["GET"]}}],"collection":[{"href":"https:\/\/h24rentcar.adilbannar.my\/ar\/wp-json\/wp\/v2\/pages"}],"about":[{"href":"https:\/\/h24rentcar.adilbannar.my\/ar\/wp-json\/wp\/v2\/types\/page"}],"author":[{"embeddable":true,"href":"https:\/\/h24rentcar.adilbannar.my\/ar\/wp-json\/wp\/v2\/users\/4"}],"replies":[{"embeddable":true,"href":"https:\/\/h24rentcar.adilbannar.my\/ar\/wp-json\/wp\/v2\/comments?post=405"}],"version-history":[{"count":26,"href":"https:\/\/h24rentcar.adilbannar.my\/ar\/wp-json\/wp\/v2\/pages\/405\/revisions"}],"predecessor-version":[{"id":1616,"href":"https:\/\/h24rentcar.adilbannar.my\/ar\/wp-json\/wp\/v2\/pages\/405\/revisions\/1616"}],"wp:attachment":[{"href":"https:\/\/h24rentcar.adilbannar.my\/ar\/wp-json\/wp\/v2\/media?parent=405"}],"curies":[{"name":"wp","href":"https:\/\/api.w.org\/{rel}","templated":true}]}}